{"id":64,"date":"2021-03-10T16:50:48","date_gmt":"2021-03-10T16:50:48","guid":{"rendered":"http:\/\/me41arquitectos.com\/?page_id=64"},"modified":"2022-06-14T07:50:56","modified_gmt":"2022-06-14T07:50:56","slug":"estudio","status":"publish","type":"page","link":"http:\/\/me41arquitectos.com\/?page_id=64","title":{"rendered":"Estudio"},"content":{"rendered":"\t\t<div data-elementor-type=\"wp-page\" data-elementor-id=\"64\" class=\"elementor elementor-64\" data-elementor-settings=\"[]\">\n\t\t\t\t\t\t<div class=\"elementor-inner\">\n\t\t\t\t\t\t\t<div class=\"elementor-section-wrap\">\n\t\t\t\t\t\t\t<section class=\"elementor-section elementor-top-section elementor-element elementor-element-1093cb7e elementor-section-full_width elementor-section-content-middle elementor-section-height-default elementor-section-height-default\" data-id=\"1093cb7e\" data-element_type=\"section\">\n\t\t\t\t\t\t<div class=\"elementor-container elementor-column-gap-no\">\n\t\t\t\t\t\t\t<div class=\"elementor-row\">\n\t\t\t\t\t<div class=\"elementor-column elementor-col-100 elementor-top-column elementor-element elementor-element-265b4086\" data-id=\"265b4086\" data-element_type=\"column\">\n\t\t\t<div class=\"elementor-column-wrap elementor-element-populated\">\n\t\t\t\t\t\t\t<div class=\"elementor-widget-wrap\">\n\t\t\t\t\t\t<div class=\"elementor-element elementor-element-248091c7 elementor--h-position-left elementor--v-position-bottom elementor-arrows-position-inside elementor-pagination-position-inside elementor-widget elementor-widget-slides\" data-id=\"248091c7\" data-element_type=\"widget\" data-settings=\"{&quot;navigation&quot;:&quot;both&quot;,&quot;autoplay&quot;:&quot;yes&quot;,&quot;pause_on_hover&quot;:&quot;yes&quot;,&quot;pause_on_interaction&quot;:&quot;yes&quot;,&quot;autoplay_speed&quot;:5000,&quot;infinite&quot;:&quot;yes&quot;,&quot;transition&quot;:&quot;slide&quot;,&quot;transition_speed&quot;:500}\" data-widget_type=\"slides.default\">\n\t\t\t\t<div class=\"elementor-widget-container\">\n\t\t\t\t\t<div class=\"elementor-swiper\">\n\t\t\t<div class=\"elementor-slides-wrapper elementor-main-swiper swiper-container\" dir=\"ltr\" data-animation=\"fadeInUp\">\n\t\t\t\t<div class=\"swiper-wrapper elementor-slides\">\n\t\t\t\t\t<div class=\"elementor-repeater-item-2203677 swiper-slide\"><div class=\"swiper-slide-bg elementor-ken-burns elementor-ken-burns--in\"><\/div><div class=\"elementor-background-overlay\"><\/div><div class=\"swiper-slide-inner\" ><div class=\"swiper-slide-contents\"><div class=\"elementor-slide-heading\">Somos un estudio comprometido<\/div><div class=\"elementor-slide-description\">VALLADOLID\n<br> MADRID<\/div><\/div><\/div><\/div>\t\t\t\t<\/div>\n\t\t\t\t\t\t\t<\/div>\n\t\t<\/div>\n\t\t\t\t<\/div>\n\t\t\t\t<\/div>\n\t\t\t\t\t\t<\/div>\n\t\t\t\t\t<\/div>\n\t\t<\/div>\n\t\t\t\t\t\t\t\t<\/div>\n\t\t\t\t\t<\/div>\n\t\t<\/section>\n\t\t\t\t<section class=\"elementor-section elementor-top-section elementor-element elementor-element-101d7020 elementor-section-boxed elementor-section-height-default elementor-section-height-default\" data-id=\"101d7020\" data-element_type=\"section\">\n\t\t\t\t\t\t<div class=\"elementor-container elementor-column-gap-default\">\n\t\t\t\t\t\t\t<div class=\"elementor-row\">\n\t\t\t\t\t<div class=\"elementor-column elementor-col-100 elementor-top-column elementor-element elementor-element-6386e934\" data-id=\"6386e934\" data-element_type=\"column\">\n\t\t\t<div class=\"elementor-column-wrap elementor-element-populated\">\n\t\t\t\t\t\t\t<div class=\"elementor-widget-wrap\">\n\t\t\t\t\t\t<div class=\"elementor-element elementor-element-58f037be elementor-widget elementor-widget-heading\" data-id=\"58f037be\" data-element_type=\"widget\" data-widget_type=\"heading.default\">\n\t\t\t\t<div class=\"elementor-widget-container\">\n\t\t\t<h2 class=\"elementor-heading-title elementor-size-default\">Somos un estudio multidisciplinar que nos caracterizamos por la construcci\u00f3n de viviendas y complejos residenciales. \n<br>\n<br>Realizamos proyectos de arquitectura, dise\u00f1o, construcci\u00f3n e interiorismo.\n<br>\n<br>\nEn nuestros dise\u00f1os buscamos un compromiso no s\u00f3lo con la est\u00e9tica sino con la funcionalidad de cada espacio. Realizamos servicios 360\u00ba presentando proyectos de forma global desde el dise\u00f1o a la finalizaci\u00f3n de la construcci\u00f3n del proyecto. \n<br>\n<br>\nNuestros resultados son posibles gracias a un experimentado equipo de profesionales que vuelcan su pasi\u00f3n y experiencia en cada uno de los proyectos en los que nos embarcamos. <\/h2>\t\t<\/div>\n\t\t\t\t<\/div>\n\t\t\t\t\t\t<\/div>\n\t\t\t\t\t<\/div>\n\t\t<\/div>\n\t\t\t\t\t\t\t\t<\/div>\n\t\t\t\t\t<\/div>\n\t\t<\/section>\n\t\t\t\t<section class=\"elementor-section elementor-top-section elementor-element elementor-element-71d6b2e8 elementor-section-full_width elementor-section-height-default elementor-section-height-default\" data-id=\"71d6b2e8\" data-element_type=\"section\">\n\t\t\t\t\t\t<div class=\"elementor-container elementor-column-gap-default\">\n\t\t\t\t\t\t\t<div class=\"elementor-row\">\n\t\t\t\t\t<div class=\"elementor-column elementor-col-50 elementor-top-column elementor-element elementor-element-f1aac08\" data-id=\"f1aac08\" data-element_type=\"column\" data-settings=\"{&quot;background_background&quot;:&quot;classic&quot;}\">\n\t\t\t<div class=\"elementor-column-wrap elementor-element-populated\">\n\t\t\t\t\t\t\t<div class=\"elementor-widget-wrap\">\n\t\t\t\t\t\t<div class=\"elementor-element elementor-element-7d40e96b elementor-widget elementor-widget-image\" data-id=\"7d40e96b\" data-element_type=\"widget\" data-widget_type=\"image.default\">\n\t\t\t\t<div class=\"elementor-widget-container\">\n\t\t\t\t\t<div class=\"elementor-image\">\n\t\t\t\t\t\t\t\t\t\t<img width=\"800\" height=\"450\" src=\"http:\/\/me41arquitectos.com\/wp-content\/uploads\/2022\/05\/NIK_5359_R1-1024x576.jpg\" class=\"attachment-large size-large\" alt=\"\" loading=\"lazy\" srcset=\"http:\/\/me41arquitectos.com\/wp-content\/uploads\/2022\/05\/NIK_5359_R1-1024x576.jpg 1024w, http:\/\/me41arquitectos.com\/wp-content\/uploads\/2022\/05\/NIK_5359_R1-300x169.jpg 300w, http:\/\/me41arquitectos.com\/wp-content\/uploads\/2022\/05\/NIK_5359_R1-768x432.jpg 768w, http:\/\/me41arquitectos.com\/wp-content\/uploads\/2022\/05\/NIK_5359_R1-1536x864.jpg 1536w, http:\/\/me41arquitectos.com\/wp-content\/uploads\/2022\/05\/NIK_5359_R1.jpg 1920w\" sizes=\"(max-width: 800px) 100vw, 800px\" \/>\t\t\t\t\t\t\t\t\t\t\t<\/div>\n\t\t\t\t<\/div>\n\t\t\t\t<\/div>\n\t\t\t\t\t\t<\/div>\n\t\t\t\t\t<\/div>\n\t\t<\/div>\n\t\t\t\t<div class=\"elementor-column elementor-col-50 elementor-top-column elementor-element elementor-element-104ffe17\" data-id=\"104ffe17\" data-element_type=\"column\" data-settings=\"{&quot;background_background&quot;:&quot;classic&quot;}\">\n\t\t\t<div class=\"elementor-column-wrap elementor-element-populated\">\n\t\t\t\t\t\t\t<div class=\"elementor-widget-wrap\">\n\t\t\t\t\t\t<div class=\"elementor-element elementor-element-5a53a258 elementor-widget elementor-widget-image\" data-id=\"5a53a258\" data-element_type=\"widget\" data-widget_type=\"image.default\">\n\t\t\t\t<div class=\"elementor-widget-container\">\n\t\t\t\t\t<div class=\"elementor-image\">\n\t\t\t\t\t\t\t\t\t\t<img width=\"800\" height=\"514\" src=\"http:\/\/me41arquitectos.com\/wp-content\/uploads\/2022\/05\/NIK_5447_R1-1024x658.jpg\" class=\"attachment-large size-large\" alt=\"\" loading=\"lazy\" srcset=\"http:\/\/me41arquitectos.com\/wp-content\/uploads\/2022\/05\/NIK_5447_R1-1024x658.jpg 1024w, http:\/\/me41arquitectos.com\/wp-content\/uploads\/2022\/05\/NIK_5447_R1-300x193.jpg 300w, http:\/\/me41arquitectos.com\/wp-content\/uploads\/2022\/05\/NIK_5447_R1-768x494.jpg 768w, http:\/\/me41arquitectos.com\/wp-content\/uploads\/2022\/05\/NIK_5447_R1-1536x987.jpg 1536w, http:\/\/me41arquitectos.com\/wp-content\/uploads\/2022\/05\/NIK_5447_R1.jpg 1680w\" sizes=\"(max-width: 800px) 100vw, 800px\" \/>\t\t\t\t\t\t\t\t\t\t\t<\/div>\n\t\t\t\t<\/div>\n\t\t\t\t<\/div>\n\t\t\t\t\t\t<\/div>\n\t\t\t\t\t<\/div>\n\t\t<\/div>\n\t\t\t\t\t\t\t\t<\/div>\n\t\t\t\t\t<\/div>\n\t\t<\/section>\n\t\t\t\t\t\t<\/div>\n\t\t\t\t\t\t<\/div>\n\t\t\t\t\t<\/div>\n\t\t","protected":false},"excerpt":{"rendered":"<p>Somos un estudio comprometidoVALLADOLID MADRID Somos un estudio multidisciplinar que nos caracterizamos por la construcci\u00f3n de viviendas y complejos residenciales. Realizamos proyectos de arquitectura, dise\u00f1o, construcci\u00f3n e interiorismo. En nuestros dise\u00f1os buscamos un compromiso no s\u00f3lo con la est\u00e9tica sino con la funcionalidad de cada espacio. Realizamos servicios 360\u00ba presentando proyectos de forma global desde [&hellip;]<\/p>\n","protected":false},"author":1,"featured_media":0,"parent":0,"menu_order":0,"comment_status":"closed","ping_status":"closed","template":"","meta":[],"_links":{"self":[{"href":"http:\/\/me41arquitectos.com\/index.php?rest_route=\/wp\/v2\/pages\/64"}],"collection":[{"href":"http:\/\/me41arquitectos.com\/index.php?rest_route=\/wp\/v2\/pages"}],"about":[{"href":"http:\/\/me41arquitectos.com\/index.php?rest_route=\/wp\/v2\/types\/page"}],"author":[{"embeddable":true,"href":"http:\/\/me41arquitectos.com\/index.php?rest_route=\/wp\/v2\/users\/1"}],"replies":[{"embeddable":true,"href":"http:\/\/me41arquitectos.com\/index.php?rest_route=%2Fwp%2Fv2%2Fcomments&post=64"}],"version-history":[{"count":13,"href":"http:\/\/me41arquitectos.com\/index.php?rest_route=\/wp\/v2\/pages\/64\/revisions"}],"predecessor-version":[{"id":410,"href":"http:\/\/me41arquitectos.com\/index.php?rest_route=\/wp\/v2\/pages\/64\/revisions\/410"}],"wp:attachment":[{"href":"http:\/\/me41arquitectos.com\/index.php?rest_route=%2Fwp%2Fv2%2Fmedia&parent=64"}],"curies":[{"name":"wp","href":"https:\/\/api.w.org\/{rel}","templated":true}]}}